{"id":17,"date":"2017-08-02T08:47:09","date_gmt":"2017-08-02T14:47:09","guid":{"rendered":"http:\/\/oscararias.cr\/sitioweb\/?page_id=17"},"modified":"2020-09-14T16:34:07","modified_gmt":"2020-09-14T22:34:07","slug":"mi-vida-en-la-politica","status":"publish","type":"page","link":"https:\/\/oscararias.cr\/sitioweb\/mi-vida-en-la-politica\/","title":{"rendered":"Mi vida en la pol\u00edtica"},"content":{"rendered":"<p><img loading=\"lazy\" decoding=\"async\" src=\"http:\/\/oscararias.cr\/sitioweb\/wp-content\/uploads\/2017\/08\/oa-header-politica-1024x262.jpg\" alt=\"Oscar Arias S\u00e1nchez\" width=\"700\" height=\"179\" class=\"aligncenter size-large wp-image-73\" srcset=\"https:\/\/oscararias.cr\/sitioweb\/wp-content\/uploads\/2017\/08\/oa-header-politica-1024x262.jpg 1024w, https:\/\/oscararias.cr\/sitioweb\/wp-content\/uploads\/2017\/08\/oa-header-politica-300x77.jpg 300w, https:\/\/oscararias.cr\/sitioweb\/wp-content\/uploads\/2017\/08\/oa-header-politica-768x197.jpg 768w, https:\/\/oscararias.cr\/sitioweb\/wp-content\/uploads\/2017\/08\/oa-header-politica-60x15.jpg 60w, https:\/\/oscararias.cr\/sitioweb\/wp-content\/uploads\/2017\/08\/oa-header-politica.jpg 1561w\" sizes=\"auto, (max-width: 700px) 100vw, 700px\" \/><\/p>\n<p>Navegue la l\u00ednea del tiempo y conozca en detalle la trayectoria pol\u00edtica del Dr. Oscar Arias S\u00e1nchez.<\/p>\n\t\t\t<!-- Cool Timeline Free V3.3.0 -->\n\t\t\t<div class=\"ctl-wrapper\" role=\"region\" aria-label=\"Timeline\">\n\t\t\t\t<div class=\"ctl-before-content\"><div class=\"timeline-main-title\"><h1>Mi vida en la pol\u00edtica<\/h1><\/div><\/div>\t\t\t\t<div id=\"cool_timeline_1\" class=\"cool-timeline-wrapper ctl-both-sided ctl-vertical-wrapper\" >\n\t\t\t\t\t<div class=\"ctl-start\"><\/div>\n\t\t\t\t\t<!-- Timeline Container -->\n\t\t\t\t\t<div class=\"ctl-timeline ctl-timeline-container\" data-animation=\"none\">\n\t\t\t\t\t\t<!-- Center Line -->\n\t\t\t\t\t\t<div class=\"ctl-inner-line\" role=\"presentation\"><\/div>\n\t\t\t\t\t\t\t\t\t\t\t\t<!-- Timeline Content --><div  id=\"ctl-story-720\" class=\"ctl-story ctl-story-icon odd ctl-story-right\" data-aos=\"none\"   data-story-index=\"1\" role=\"article\"><!-- Story Icon --><div class=\"ctl-icon\"><i class=\"fa fa-clock-o\" aria-hidden=\"true\"><\/i><\/div> <!-- Story Arrow --><div class=\"ctl-arrow\"><\/div><!-- Story Content --><div class=\"ctl-content\"><!-- Story Title --><div class=\"ctl-title story-720\" aria-label=\"2\"><a target=\"_self\" title=\"2011-Actualidad\" href=\"https:\/\/oscararias.cr\/sitioweb\/cool_timeline\/2011-actualidad\/\" class=\"story-link\">2011-Actualidad<\/a><\/div><!-- Story Media --><div class=\"ctl-media full\"><a data-glightbox=\"2011-Actualidad\" href=\"https:\/\/oscararias.cr\/sitioweb\/wp-content\/uploads\/2017\/08\/15B.png\" class=\"ctl_glightbox\"><img loading=\"lazy\" decoding=\"async\" width=\"165\" height=\"130\" src=\"https:\/\/oscararias.cr\/sitioweb\/wp-content\/uploads\/2017\/08\/15B.png\" class=\"story-img wp-post-image\" alt=\"L\u00ednes de tiempo - 2011-Actualidad\" srcset=\"https:\/\/oscararias.cr\/sitioweb\/wp-content\/uploads\/2017\/08\/15B.png 165w, https:\/\/oscararias.cr\/sitioweb\/wp-content\/uploads\/2017\/08\/15B-60x47.png 60w\" sizes=\"auto, (max-width: 165px) 100vw, 165px\" \/><\/a><\/div><!-- Story Description --><div class=\"ctl-description\"><p>2011-Actualidad<\/p>\n<\/div><\/div><\/div><!-- Timeline Content --><div  id=\"ctl-story-718\" class=\"ctl-story ctl-story-icon even ctl-story-left\" data-aos=\"none\"   data-story-index=\"2\" role=\"article\"><!-- Story Icon --><div class=\"ctl-icon\"><i class=\"fa fa-clock-o\" aria-hidden=\"true\"><\/i><\/div> <!-- Story Arrow --><div class=\"ctl-arrow\"><\/div><!-- Story Content --><div class=\"ctl-content\"><!-- Story Title --><div class=\"ctl-title story-718\" aria-label=\"2\"><a target=\"_self\" title=\"2006-2010\" href=\"https:\/\/oscararias.cr\/sitioweb\/cool_timeline\/2006-2010\/\" class=\"story-link\">2006-2010<\/a><\/div><!-- Story Media --><div class=\"ctl-media full\"><a data-glightbox=\"2006-2010\" href=\"https:\/\/oscararias.cr\/sitioweb\/wp-content\/uploads\/2017\/08\/14B.png\" class=\"ctl_glightbox\"><img loading=\"lazy\" decoding=\"async\" width=\"175\" height=\"130\" src=\"https:\/\/oscararias.cr\/sitioweb\/wp-content\/uploads\/2017\/08\/14B.png\" class=\"story-img wp-post-image\" alt=\"L\u00ednea de tiempo - 2006-2010\" srcset=\"https:\/\/oscararias.cr\/sitioweb\/wp-content\/uploads\/2017\/08\/14B.png 175w, https:\/\/oscararias.cr\/sitioweb\/wp-content\/uploads\/2017\/08\/14B-60x45.png 60w\" sizes=\"auto, (max-width: 175px) 100vw, 175px\" \/><\/a><\/div><!-- Story Description --><div class=\"ctl-description\"><p>Presidente de la Rep\u00fablica de Costa Rica. Ver m\u00e1s detalles.<\/p>\n<\/div><\/div><\/div><!-- Timeline Content --><div  id=\"ctl-story-716\" class=\"ctl-story ctl-story-icon odd ctl-story-right\" data-aos=\"none\"   data-story-index=\"3\" role=\"article\"><!-- Story Icon --><div class=\"ctl-icon\"><i class=\"fa fa-clock-o\" aria-hidden=\"true\"><\/i><\/div> <!-- Story Arrow --><div class=\"ctl-arrow\"><\/div><!-- Story Content --><div class=\"ctl-content\"><!-- Story Title --><div class=\"ctl-title story-716\" aria-label=\"2\"><a target=\"_self\" title=\"2005\" href=\"https:\/\/oscararias.cr\/sitioweb\/cool_timeline\/2005\/\" class=\"story-link\">2005<\/a><\/div><!-- Story Media --><div class=\"ctl-media full\"><a data-glightbox=\"2005\" href=\"https:\/\/oscararias.cr\/sitioweb\/wp-content\/uploads\/2017\/08\/13a.png\" class=\"ctl_glightbox\"><img loading=\"lazy\" decoding=\"async\" width=\"157\" height=\"130\" src=\"https:\/\/oscararias.cr\/sitioweb\/wp-content\/uploads\/2017\/08\/13a.png\" class=\"story-img wp-post-image\" alt=\"L\u00ednea de tiempo - 2005\" srcset=\"https:\/\/oscararias.cr\/sitioweb\/wp-content\/uploads\/2017\/08\/13a.png 157w, https:\/\/oscararias.cr\/sitioweb\/wp-content\/uploads\/2017\/08\/13a-60x50.png 60w\" sizes=\"auto, (max-width: 157px) 100vw, 157px\" \/><\/a><\/div><!-- Story Description --><div class=\"ctl-description\"><p>Candidato a la Presidencia de la Rep\u00fablica del Partido Liberaci\u00f3n Nacional. Ver m\u00e1s detalles.<\/p>\n<\/div><\/div><\/div><!-- Timeline Content --><div  id=\"ctl-story-714\" class=\"ctl-story ctl-story-icon even ctl-story-left\" data-aos=\"none\"   data-story-index=\"4\" role=\"article\"><!-- Story Icon --><div class=\"ctl-icon\"><i class=\"fa fa-clock-o\" aria-hidden=\"true\"><\/i><\/div> <!-- Story Arrow --><div class=\"ctl-arrow\"><\/div><!-- Story Content --><div class=\"ctl-content\"><!-- Story Title --><div class=\"ctl-title story-714\" aria-label=\"2\"><a target=\"_self\" title=\"1990-2005\" href=\"https:\/\/oscararias.cr\/sitioweb\/cool_timeline\/1990-2005\/\" class=\"story-link\">1990-2005<\/a><\/div><!-- Story Media --><div class=\"ctl-media full\"><a data-glightbox=\"1990-2005\" href=\"https:\/\/oscararias.cr\/sitioweb\/wp-content\/uploads\/2017\/08\/12B.png\" class=\"ctl_glightbox\"><img loading=\"lazy\" decoding=\"async\" width=\"161\" height=\"130\" src=\"https:\/\/oscararias.cr\/sitioweb\/wp-content\/uploads\/2017\/08\/12B.png\" class=\"story-img wp-post-image\" alt=\"L\u00ednea de tiempo - 1990-2005\" srcset=\"https:\/\/oscararias.cr\/sitioweb\/wp-content\/uploads\/2017\/08\/12B.png 161w, https:\/\/oscararias.cr\/sitioweb\/wp-content\/uploads\/2017\/08\/12B-60x48.png 60w\" sizes=\"auto, (max-width: 161px) 100vw, 161px\" \/><\/a><\/div><!-- Story Description --><div class=\"ctl-description\"><p>Ex presidente, Profesor y Conferencista en diversos pa\u00edses del mundo. Ver m\u00e1s detalles.<\/p>\n<\/div><\/div><\/div><!-- Timeline Content --><div  id=\"ctl-story-712\" class=\"ctl-story ctl-story-icon odd ctl-story-right\" data-aos=\"none\"   data-story-index=\"5\" role=\"article\"><!-- Story Icon --><div class=\"ctl-icon\"><i class=\"fa fa-clock-o\" aria-hidden=\"true\"><\/i><\/div> <!-- Story Arrow --><div class=\"ctl-arrow\"><\/div><!-- Story Content --><div class=\"ctl-content\"><!-- Story Title --><div class=\"ctl-title story-712\" aria-label=\"2\"><a target=\"_self\" title=\"1988\" href=\"https:\/\/oscararias.cr\/sitioweb\/cool_timeline\/1988\/\" class=\"story-link\">1988<\/a><\/div><!-- Story Media --><div class=\"ctl-media full\"><a data-glightbox=\"1988\" href=\"https:\/\/oscararias.cr\/sitioweb\/wp-content\/uploads\/2017\/08\/11B.png\" class=\"ctl_glightbox\"><img loading=\"lazy\" decoding=\"async\" width=\"142\" height=\"130\" src=\"https:\/\/oscararias.cr\/sitioweb\/wp-content\/uploads\/2017\/08\/11B.png\" class=\"story-img wp-post-image\" alt=\"L\u00ednea de tiempo - 1988\" srcset=\"https:\/\/oscararias.cr\/sitioweb\/wp-content\/uploads\/2017\/08\/11B.png 142w, https:\/\/oscararias.cr\/sitioweb\/wp-content\/uploads\/2017\/08\/11B-60x55.png 60w\" sizes=\"auto, (max-width: 142px) 100vw, 142px\" \/><\/a><\/div><!-- Story Description --><div class=\"ctl-description\"><p>Se crea la Fundaci\u00f3n Arias para la Paz y el Progreso Humano.<\/p>\n<\/div><\/div><\/div><!-- Timeline Content --><div  id=\"ctl-story-710\" class=\"ctl-story ctl-story-icon even ctl-story-left\" data-aos=\"none\"   data-story-index=\"6\" role=\"article\"><!-- Story Icon --><div class=\"ctl-icon\"><i class=\"fa fa-clock-o\" aria-hidden=\"true\"><\/i><\/div> <!-- Story Arrow --><div class=\"ctl-arrow\"><\/div><!-- Story Content --><div class=\"ctl-content\"><!-- Story Title --><div class=\"ctl-title story-710\" aria-label=\"2\"><a target=\"_self\" title=\"1987\" href=\"https:\/\/oscararias.cr\/sitioweb\/cool_timeline\/1987-2\/\" class=\"story-link\">1987<\/a><\/div><!-- Story Media --><div class=\"ctl-media full\"><a data-glightbox=\"1987\" href=\"https:\/\/oscararias.cr\/sitioweb\/wp-content\/uploads\/2017\/08\/10B.png\" class=\"ctl_glightbox\"><img loading=\"lazy\" decoding=\"async\" width=\"183\" height=\"130\" src=\"https:\/\/oscararias.cr\/sitioweb\/wp-content\/uploads\/2017\/08\/10B.png\" class=\"story-img wp-post-image\" alt=\"L\u00ednea de tiempo - 1987\" srcset=\"https:\/\/oscararias.cr\/sitioweb\/wp-content\/uploads\/2017\/08\/10B.png 183w, https:\/\/oscararias.cr\/sitioweb\/wp-content\/uploads\/2017\/08\/10B-60x43.png 60w\" sizes=\"auto, (max-width: 183px) 100vw, 183px\" \/><\/a><\/div><!-- Story Description --><div class=\"ctl-description\"><p>Premio Nobel de la Paz. Ver m\u00e1s detalles.<\/p>\n<\/div><\/div><\/div><!-- Timeline Content --><div  id=\"ctl-story-708\" class=\"ctl-story ctl-story-icon odd ctl-story-right\" data-aos=\"none\"   data-story-index=\"7\" role=\"article\"><!-- Story Icon --><div class=\"ctl-icon\"><i class=\"fa fa-clock-o\" aria-hidden=\"true\"><\/i><\/div> <!-- Story Arrow --><div class=\"ctl-arrow\"><\/div><!-- Story Content --><div class=\"ctl-content\"><!-- Story Title --><div class=\"ctl-title story-708\" aria-label=\"2\"><a target=\"_self\" title=\"1987\" href=\"https:\/\/oscararias.cr\/sitioweb\/cool_timeline\/1987\/\" class=\"story-link\">1987<\/a><\/div><!-- Story Media --><div class=\"ctl-media full\"><a data-glightbox=\"1987\" href=\"https:\/\/oscararias.cr\/sitioweb\/wp-content\/uploads\/2017\/08\/9B.png\" class=\"ctl_glightbox\"><img loading=\"lazy\" decoding=\"async\" width=\"180\" height=\"130\" src=\"https:\/\/oscararias.cr\/sitioweb\/wp-content\/uploads\/2017\/08\/9B.png\" class=\"story-img wp-post-image\" alt=\"L\u00ednea de tiempo - 1987\" srcset=\"https:\/\/oscararias.cr\/sitioweb\/wp-content\/uploads\/2017\/08\/9B.png 180w, https:\/\/oscararias.cr\/sitioweb\/wp-content\/uploads\/2017\/08\/9B-60x43.png 60w\" sizes=\"auto, (max-width: 180px) 100vw, 180px\" \/><\/a><\/div><!-- Story Description --><div class=\"ctl-description\"><p>Proceso de Paz en Centroam\u00e9rica. Ver detalles.<\/p>\n<\/div><\/div><\/div><!-- Timeline Content --><div  id=\"ctl-story-706\" class=\"ctl-story ctl-story-icon even ctl-story-left\" data-aos=\"none\"   data-story-index=\"8\" role=\"article\"><!-- Story Icon --><div class=\"ctl-icon\"><i class=\"fa fa-clock-o\" aria-hidden=\"true\"><\/i><\/div> <!-- Story Arrow --><div class=\"ctl-arrow\"><\/div><!-- Story Content --><div class=\"ctl-content\"><!-- Story Title --><div class=\"ctl-title story-706\" aria-label=\"2\"><a target=\"_self\" title=\"1986-1990\" href=\"https:\/\/oscararias.cr\/sitioweb\/cool_timeline\/1986-1990\/\" class=\"story-link\">1986-1990<\/a><\/div><!-- Story Media --><div class=\"ctl-media full\"><a data-glightbox=\"1986-1990\" href=\"https:\/\/oscararias.cr\/sitioweb\/wp-content\/uploads\/2017\/08\/8B.png\" class=\"ctl_glightbox\"><img loading=\"lazy\" decoding=\"async\" width=\"160\" height=\"130\" src=\"https:\/\/oscararias.cr\/sitioweb\/wp-content\/uploads\/2017\/08\/8B.png\" class=\"story-img wp-post-image\" alt=\"L\u00ednes de tiempo - 1986-1990\" srcset=\"https:\/\/oscararias.cr\/sitioweb\/wp-content\/uploads\/2017\/08\/8B.png 160w, https:\/\/oscararias.cr\/sitioweb\/wp-content\/uploads\/2017\/08\/8B-60x49.png 60w\" sizes=\"auto, (max-width: 160px) 100vw, 160px\" \/><\/a><\/div><!-- Story Description --><div class=\"ctl-description\"><p>Presidente de la Rep\u00fablica de Costa Rica. Ver detalles.<\/p>\n<\/div><\/div><\/div><!-- Timeline Content --><div  id=\"ctl-story-704\" class=\"ctl-story ctl-story-icon odd ctl-story-right\" data-aos=\"none\"   data-story-index=\"9\" role=\"article\"><!-- Story Icon --><div class=\"ctl-icon\"><i class=\"fa fa-clock-o\" aria-hidden=\"true\"><\/i><\/div> <!-- Story Arrow --><div class=\"ctl-arrow\"><\/div><!-- Story Content --><div class=\"ctl-content\"><!-- Story Title --><div class=\"ctl-title story-704\" aria-label=\"2\"><a target=\"_self\" title=\"1986\" href=\"https:\/\/oscararias.cr\/sitioweb\/cool_timeline\/1986\/\" class=\"story-link\">1986<\/a><\/div><!-- Story Media --><div class=\"ctl-media full\"><a data-glightbox=\"1986\" href=\"https:\/\/oscararias.cr\/sitioweb\/wp-content\/uploads\/2017\/08\/7B.png\" class=\"ctl_glightbox\"><img loading=\"lazy\" decoding=\"async\" width=\"151\" height=\"130\" src=\"https:\/\/oscararias.cr\/sitioweb\/wp-content\/uploads\/2017\/08\/7B.png\" class=\"story-img wp-post-image\" alt=\"L\u00ednea de tiempo - 1986\" srcset=\"https:\/\/oscararias.cr\/sitioweb\/wp-content\/uploads\/2017\/08\/7B.png 151w, https:\/\/oscararias.cr\/sitioweb\/wp-content\/uploads\/2017\/08\/7B-150x130.png 150w, https:\/\/oscararias.cr\/sitioweb\/wp-content\/uploads\/2017\/08\/7B-60x52.png 60w\" sizes=\"auto, (max-width: 151px) 100vw, 151px\" \/><\/a><\/div><!-- Story Description --><div class=\"ctl-description\"><p>Presidente Electo de la Rep\u00fablica de Costa Rica. Ver detalles.<\/p>\n<\/div><\/div><\/div><!-- Timeline Content --><div  id=\"ctl-story-702\" class=\"ctl-story ctl-story-icon even ctl-story-left\" data-aos=\"none\"   data-story-index=\"10\" role=\"article\"><!-- Story Icon --><div class=\"ctl-icon\"><i class=\"fa fa-clock-o\" aria-hidden=\"true\"><\/i><\/div> <!-- Story Arrow --><div class=\"ctl-arrow\"><\/div><!-- Story Content --><div class=\"ctl-content\"><!-- Story Title --><div class=\"ctl-title story-702\" aria-label=\"2\"><a target=\"_self\" title=\"1985-1986\" href=\"https:\/\/oscararias.cr\/sitioweb\/cool_timeline\/1985-1986\/\" class=\"story-link\">1985-1986<\/a><\/div><!-- Story Media --><div class=\"ctl-media full\"><a data-glightbox=\"1985-1986\" href=\"https:\/\/oscararias.cr\/sitioweb\/wp-content\/uploads\/2017\/08\/6B.png\" class=\"ctl_glightbox\"><img loading=\"lazy\" decoding=\"async\" width=\"174\" height=\"130\" src=\"https:\/\/oscararias.cr\/sitioweb\/wp-content\/uploads\/2017\/08\/6B.png\" class=\"story-img wp-post-image\" alt=\"L\u00ednesa de tiempo - 1985-1986\" srcset=\"https:\/\/oscararias.cr\/sitioweb\/wp-content\/uploads\/2017\/08\/6B.png 174w, https:\/\/oscararias.cr\/sitioweb\/wp-content\/uploads\/2017\/08\/6B-60x45.png 60w\" sizes=\"auto, (max-width: 174px) 100vw, 174px\" \/><\/a><\/div><!-- Story Description --><div class=\"ctl-description\"><p>Candidato a la Presidencia de la Rep\u00fablica por el Partido Liberaci\u00f3n Nacional. Ver detalles.<\/p>\n<\/div><\/div><\/div>\t\t\t\t\t<\/div>\n\t\t\t\t\t<div class=\"ctl-end\"><\/div>\n\t\t\t\t\t<nav class=\"ctl-pagination\" aria-label=\"Timeline Navigation\"><span class=\"page-numbers ctl-page-num\" role=\"status\"> P\u00e1gina 1 de 2<\/span> <span aria-current=\"page\" class=\"page-numbers current\">1<\/span>\n<a class=\"page-numbers\" href=\"https:\/\/oscararias.cr\/sitioweb\/wp-json\/wp\/v2\/pages\/17\/page\/2\/\">2<\/a>\n<a class=\"next page-numbers\" href=\"https:\/\/oscararias.cr\/sitioweb\/wp-json\/wp\/v2\/pages\/17\/page\/2\/\"><svg xmlns=\"http:\/\/www.w3.org\/2000\/svg\" height=\"1em\" viewBox=\"0 0 448 512\">\n\t\t\t\t<path d=\"M224.3 273l-136 136c-9.4 9.4-24.6 9.4-33.9 0l-22.6-22.6c-9.4-9.4-9.4-24.6 0-33.9l96.4-96.4-96.4-96.4c-9.4-9.4-9.4-24.6 0-33.9L54.3 103c9.4-9.4 24.6-9.4 33.9 0l136 136c9.5 9.4 9.5 24.6.1 34zm192-34l-136-136c-9.4-9.4-24.6-9.4-33.9 0l-22.6 22.6c-9.4 9.4-9.4 24.6 0 33.9l96.4 96.4-96.4 96.4c-9.4 9.4-9.4 24.6 0 33.9l22.6 22.6c9.4 9.4 24.6 9.4 33.9 0l136-136c9.4-9.2 9.4-24.4 0-33.8z\"\/>\n\t\t\t\t<\/svg><\/a><\/nav>\t\t\t\t<\/div>\n\t\t\t<\/div>\n\t\t\t\n","protected":false},"excerpt":{"rendered":"<p>Navegue la l\u00ednea del tiempo y conozca en detalle la trayectoria pol\u00edtica del Dr. Oscar Arias S\u00e1nchez.<\/p>\n","protected":false},"author":1,"featured_media":617,"parent":0,"menu_order":0,"comment_status":"closed","ping_status":"closed","template":"","meta":{"ngg_post_thumbnail":0,"footnotes":""},"class_list":["post-17","page","type-page","status-publish","has-post-thumbnail","hentry"],"_links":{"self":[{"href":"https:\/\/oscararias.cr\/sitioweb\/wp-json\/wp\/v2\/pages\/17","targetHints":{"allow":["GET"]}}],"collection":[{"href":"https:\/\/oscararias.cr\/sitioweb\/wp-json\/wp\/v2\/pages"}],"about":[{"href":"https:\/\/oscararias.cr\/sitioweb\/wp-json\/wp\/v2\/types\/page"}],"author":[{"embeddable":true,"href":"https:\/\/oscararias.cr\/sitioweb\/wp-json\/wp\/v2\/users\/1"}],"replies":[{"embeddable":true,"href":"https:\/\/oscararias.cr\/sitioweb\/wp-json\/wp\/v2\/comments?post=17"}],"version-history":[{"count":0,"href":"https:\/\/oscararias.cr\/sitioweb\/wp-json\/wp\/v2\/pages\/17\/revisions"}],"wp:featuredmedia":[{"embeddable":true,"href":"https:\/\/oscararias.cr\/sitioweb\/wp-json\/wp\/v2\/media\/617"}],"wp:attachment":[{"href":"https:\/\/oscararias.cr\/sitioweb\/wp-json\/wp\/v2\/media?parent=17"}],"curies":[{"name":"wp","href":"https:\/\/api.w.org\/{rel}","templated":true}]}}