{"id":619,"date":"2017-08-04T11:28:10","date_gmt":"2017-08-04T17:28:10","guid":{"rendered":"http:\/\/oscararias.cr\/sitioweb\/?page_id=619"},"modified":"2020-09-14T16:35:42","modified_gmt":"2020-09-14T22:35:42","slug":"biografia","status":"publish","type":"page","link":"https:\/\/oscararias.cr\/sitioweb\/biografia\/","title":{"rendered":"Biograf\u00eda"},"content":{"rendered":"<p><img loading=\"lazy\" decoding=\"async\" src=\"http:\/\/oscararias.cr\/sitioweb\/wp-content\/uploads\/2017\/08\/oa-header-bio-1024x262.jpg\" alt=\"Oscar Arias S\u00e1nchez\" width=\"700\" height=\"179\" class=\"aligncenter size-large wp-image-47\" srcset=\"https:\/\/oscararias.cr\/sitioweb\/wp-content\/uploads\/2017\/08\/oa-header-bio-1024x262.jpg 1024w, https:\/\/oscararias.cr\/sitioweb\/wp-content\/uploads\/2017\/08\/oa-header-bio-300x77.jpg 300w, https:\/\/oscararias.cr\/sitioweb\/wp-content\/uploads\/2017\/08\/oa-header-bio-768x197.jpg 768w, https:\/\/oscararias.cr\/sitioweb\/wp-content\/uploads\/2017\/08\/oa-header-bio-60x15.jpg 60w, https:\/\/oscararias.cr\/sitioweb\/wp-content\/uploads\/2017\/08\/oa-header-bio.jpg 1561w\" sizes=\"auto, (max-width: 700px) 100vw, 700px\" \/><\/p>\n<p><strong>Dr. Oscar Arias S\u00e1nchez\t<\/strong><\/p>\n<p><img loading=\"lazy\" decoding=\"async\" src=\"http:\/\/oscararias.cr\/sitioweb\/wp-content\/uploads\/2017\/08\/oas_main.jpg\" alt=\"Oscar Arias S\u00e1nchez\" width=\"273\" height=\"555\" class=\"alignright size-full wp-image-65\" srcset=\"https:\/\/oscararias.cr\/sitioweb\/wp-content\/uploads\/2017\/08\/oas_main.jpg 273w, https:\/\/oscararias.cr\/sitioweb\/wp-content\/uploads\/2017\/08\/oas_main-148x300.jpg 148w, https:\/\/oscararias.cr\/sitioweb\/wp-content\/uploads\/2017\/08\/oas_main-60x122.jpg 60w\" sizes=\"auto, (max-width: 273px) 100vw, 273px\" \/><\/p>\n<p><strong>Oscar Arias S\u00e1nchez<\/strong> naci\u00f3 en San Jos\u00e9, el 13 de setiembre de 1940. Realiz\u00f3 sus estudios primarios en la Escuela Rep\u00fablica Argentina de Heredia y los secundarios en el Colegio Saint Francis, en Moravia. Posteriormente, estudi\u00f3 Derecho en la Universidad de Costa Rica y obtuvo su Doctorado en Ciencias Pol\u00edticas en la Universidad de Essex, Inglaterra. Tras el regreso a su pa\u00eds, se desempe\u00f1\u00f3 como profesor de Ciencias Pol\u00edticas en la Universidad de Costa Rica y, desde entonces, ha estado vinculado a actividades acad\u00e9micas en algunas de las m\u00e1s prestigiosas universidades de Europa y de los Estados Unidos de Am\u00e9rica.<\/p>\n<p>Perteneci\u00f3 desde su juventud al Partido Liberaci\u00f3n Nacional (PLN) y en 1970 fue llamado a la funci\u00f3n p\u00fablica por el presidente Jos\u00e9 Figueres Ferrer, quien lo design\u00f3 como ministro de Planificaci\u00f3n Nacional y Pol\u00edtica Econ\u00f3mica, posici\u00f3n que continu\u00f3 ocupando en la administraci\u00f3n del licenciado Daniel Oduber Quir\u00f3s. A ese cargo renunci\u00f3 para aspirar a una curul en la Asamblea Legislativa, resultando electo diputado en 1978.<\/p>\n<p>Un a\u00f1o despu\u00e9s, fue nombrado Secretario General del PLN y este mismo partido lo design\u00f3 como candidato a la Presidencia de la Rep\u00fablica para el per\u00edodo 1986-1990. Su triunfo electoral fue motivado por la promesa de luchar por la paz en Centroam\u00e9rica, entonces abatida por sangrientos conflictos pol\u00edticos y militares. Guatemala y El Salvador se encontraban inmersos en guerras civiles arrastradas largamente, mientras la ca\u00edda de la dictadura de la familia Somoza, en Nicaragua, y la subsiguiente toma del poder por el Frente Sandinista de Liberaci\u00f3n Nacional, crearon en la regi\u00f3n un clima de enfrentamiento que amenazaba con alcanzar las fronteras costarricenses. A esto se sumaba la interferencia ideol\u00f3gica y militar de la Uni\u00f3n Sovi\u00e9tica y de los Estados Unidos de Am\u00e9rica, superpotencias enfrentadas en el marco de la Guerra Fr\u00eda.<\/p>\n<p>Es en este contexto en que el Dr. Oscar Arias propone a los cinco Presidentes de las rep\u00fablicas centroamericanas el Plan de Paz que lleva su nombre y que fue firmado en Guatemala, en el mes de agosto de 1987. Dicho plan fue la base de una paz duradera y de un lento pero inexorable proceso de democratizaci\u00f3n de la regi\u00f3n centroamericana.<\/p>\n<p>Como reconocimiento a sus esfuerzos, el Comit\u00e9 Nobel de Noruega le otorg\u00f3 el Premio Nobel de la Paz en 1987. Dicho galard\u00f3n, que constituy\u00f3 un apoyo invaluable para la consolidaci\u00f3n de los procesos de paz en la regi\u00f3n, le permiti\u00f3 tambi\u00e9n al Dr. Arias la creaci\u00f3n de la Fundaci\u00f3n Arias para la Paz y el Progreso Humano, instituci\u00f3n que se ha dedicado a la promoci\u00f3n de causas como la desmilitarizaci\u00f3n, el control de armas peque\u00f1as y livianas, la equidad de g\u00e9nero y la gobernabilidad democr\u00e1tica.<\/p>\n<p>Tras varios a\u00f1os de mantenerse al margen de la pol\u00edtica nacional, el Dr. Arias acepta postular su nombre, una vez m\u00e1s, para la campa\u00f1a presidencial del a\u00f1o 2005. Gracias a su compromiso de \u00abponer a Costa Rica a caminar de nuevo\u00bb, result\u00f3 electo Presidente de la Rep\u00fablica para el per\u00edodo 2006-2010, convirti\u00e9ndose en el primer jefe de estado galardonado con el Premio Nobel de la Paz en ser reelecto. Su segunda administraci\u00f3n gir\u00f3 en torno a la lucha contra la pobreza, la expansi\u00f3n del sistema educativo y la inserci\u00f3n de Costa Rica en los mercados internacionales, con la firma de Tratados de Libre Comercio con los Estados Unidos de Am\u00e9rica, Centroam\u00e9rica y la Rep\u00fablica Dominicana, China, Singapur, Panam\u00e1 y la Uni\u00f3n Europea, as\u00ed como la apertura de los monopolios estatales en seguros y telecomunicaciones. Internacionalmente, impuls\u00f3 la aprobaci\u00f3n de un Tratado sobre la Transferencia de Armas, el cual se encuentra en la actualidad en el seno de la Asamblea General de las Naciones Unidas para su discusi\u00f3n, la iniciativa ambiental conocida como Paz con la naturaleza y el llamado Consenso de Costa Rica, un mecanismo para perdonar deudas y apoyar con recursos financieros internacionales a los pa\u00edses en v\u00edas de desarrollo que inviertan cada vez m\u00e1s en la protecci\u00f3n del medio ambiente, la salud, la educaci\u00f3n y la vivienda para sus pueblos, y cada vez menos en armas y soldados. Junto con estas causas, el Presidente Arias promovi\u00f3 una visionaria pol\u00edtica exterior, estableciendo relaciones diplom\u00e1ticas con China, Cuba y con varios pa\u00edses \u00e1rabes moderados.<\/p>\n<p>Entre las m\u00faltiples publicaciones del Dr. Arias se encuentran los siguientes libros: Con velas, tim\u00f3n y br\u00fajula (primera edici\u00f3n, 2010), Hagamos juntos el camino (2005), Horizontes de paz (1990), Frieden F\u00fcr Zentralamerika -Paz para Centroam\u00e9rica- (1987), Nuevos rumbos para el desarrollo costarricense (1980), Los caminos para el desarrollo de Costa Rica (1977), Democracia, independencia y sociedad latinoamericana (1977), \u00bfQui\u00e9n gobierna en Costa Rica? (1976), Grupos de presi\u00f3n en Costa Rica (1970) y Significado del movimiento estudiantil en Costa Rica (1970).<\/p>\n<p>Oscar Arias ha recibido alrededor de 70 doctorados honorarios de distintas universidades de los Estados Unidos de Am\u00e9rica, tales como Harvard, Princeton, Dartmouth, Washington University y Brandeis, as\u00ed como de otras prestigiosas instituciones educativas, como la Universidad de Salamanca en Espa\u00f1a, Bahcesehir en Turqu\u00eda, Yonsei en Jap\u00f3n, Kyung Hu en Corea del Sur y Essex en Inglaterra. Ha recibido tambi\u00e9n numerosos premios, entre ellos el Premio de la Paz Martin Luther King Jr., la Medalla de la Libertad de Filadelfia, el Premio Jackson Ralston, el Premio Pr\u00edncipe de Asturias, el Premio Humanitario Albert Schweitzer y el Premio de las Am\u00e9ricas. Para \u00e9l, sin embargo, no existe premio m\u00e1s importante que el inmenso cari\u00f1o que ha recibido de su pueblo.<\/p>\n<p><strong>Documental<\/strong><\/p>\n<p><img loading=\"lazy\" decoding=\"async\" src=\"http:\/\/oscararias.cr\/sitioweb\/wp-content\/uploads\/2017\/08\/bio.jpg\" alt=\"Bio\" width=\"54\" height=\"25\" class=\"alignnone size-full wp-image-637\"><\/p>\n<div align=\"center\">\n<div class=\"epyt-video-wrapper\"><iframe loading=\"lazy\"  id=\"_ytid_62283\"  width=\"700\" height=\"394\"  data-origwidth=\"700\" data-origheight=\"394\" src=\"https:\/\/www.youtube.com\/embed\/div>?enablejsapi=1&#038;origin=https:\/\/oscararias.cr&#038;autoplay=0&#038;cc_load_policy=0&#038;cc_lang_pref=&#038;iv_load_policy=1&#038;loop=0&#038;rel=0&#038;fs=1&#038;playsinline=0&#038;autohide=2&#038;theme=dark&#038;color=red&#038;controls=1&#038;disablekb=0&#038;\u00bb class=\u00bb__youtube_prefs__  epyt-is-override  no-lazyload\u00bb title=\u00bbYouTube player\u00bb  allow=\u00bbfullscreen; accelerometer; autoplay; clipboard-write; encrypted-media; gyroscope; picture-in-picture; web-share\u00bb referrerpolicy=\u00bbstrict-origin-when-cross-origin\u00bb allowfullscreen data-no-lazy=\u00bb1&#8243; data-skipgform_ajax_framebjll=\u00bb\u00bb><\/iframe><\/div>\n","protected":false},"excerpt":{"rendered":"<p>Biograf\u00eda del Dr. Oscar Arias S\u00e1nchez Premio Nobel de La Paz y Expresidente de Costa Rica.<\/p>\n","protected":false},"author":1,"featured_media":614,"parent":0,"menu_order":0,"comment_status":"closed","ping_status":"closed","template":"","meta":{"ngg_post_thumbnail":0,"footnotes":""},"class_list":["post-619","page","type-page","status-publish","has-post-thumbnail","hentry"],"_links":{"self":[{"href":"https:\/\/oscararias.cr\/sitioweb\/wp-json\/wp\/v2\/pages\/619","targetHints":{"allow":["GET"]}}],"collection":[{"href":"https:\/\/oscararias.cr\/sitioweb\/wp-json\/wp\/v2\/pages"}],"about":[{"href":"https:\/\/oscararias.cr\/sitioweb\/wp-json\/wp\/v2\/types\/page"}],"author":[{"embeddable":true,"href":"https:\/\/oscararias.cr\/sitioweb\/wp-json\/wp\/v2\/users\/1"}],"replies":[{"embeddable":true,"href":"https:\/\/oscararias.cr\/sitioweb\/wp-json\/wp\/v2\/comments?post=619"}],"version-history":[{"count":0,"href":"https:\/\/oscararias.cr\/sitioweb\/wp-json\/wp\/v2\/pages\/619\/revisions"}],"wp:featuredmedia":[{"embeddable":true,"href":"https:\/\/oscararias.cr\/sitioweb\/wp-json\/wp\/v2\/media\/614"}],"wp:attachment":[{"href":"https:\/\/oscararias.cr\/sitioweb\/wp-json\/wp\/v2\/media?parent=619"}],"curies":[{"name":"wp","href":"https:\/\/api.w.org\/{rel}","templated":true}]}}